{"id":2867,"date":"2023-11-02T11:57:25","date_gmt":"2023-11-02T04:57:25","guid":{"rendered":"https:\/\/amatavn.com\/our-projects\/commercial-and-residential\/amata-township-long-thanh\/"},"modified":"2025-07-03T11:14:44","modified_gmt":"2025-07-03T04:14:44","slug":"amata-township-long-thanh","status":"publish","type":"page","link":"https:\/\/amatavn.com\/vi\/our-projects\/commercial-and-residential\/amata-township-long-thanh\/","title":{"rendered":"Khu \u0111\u00f4 th\u1ecb Amata Township Long Th\u00e0nh"},"content":{"rendered":"<p>B\u00ean c\u1ea1nh c\u00e1c khu c\u00f4ng nghi\u1ec7p hi\u1ec7n c\u00f3, Amata \u0111ang quy ho\u1ea1ch m\u1ed9t khu \u0111\u00f4 th\u1ecb r\u1ed9ng <strong>753 ha<\/strong> v\u00e0 m\u1ed9t khu \u0111\u00f4 th\u1ecb d\u1ecbch v\u1ee5 r\u1ed9ng <strong>107 ha<\/strong> theo m\u00f4 h\u00ecnh th\u00e0nh ph\u1ed1 th\u00f4ng minh. V\u1ecb tr\u00ed n\u00e0y n\u1eb1m s\u00e1t s\u00f4ng \u0110\u1ed3ng Nai, thu\u1eadn ti\u1ec7n cho vi\u1ec7c di chuy\u1ec3n gi\u1eefa Th\u00e0nh ph\u1ed1 H\u1ed3 Ch\u00ed Minh v\u00e0 t\u1ec9nh \u0110\u1ed3ng Nai. \u0110\u1ecba \u0111i\u1ec3m n\u00e0y r\u1ea5t ph\u00f9 h\u1ee3p \u0111\u1ec3 ph\u00e1t tri\u1ec3n c\u00e1c d\u1ef1 \u00e1n th\u01b0\u01a1ng m\u1ea1i nh\u1eb1m h\u1ed7 tr\u1ee3 c\u00e1c nh\u00e0 \u0111\u1ea7u t\u01b0 v\u00e0 c\u1ed9ng \u0111\u1ed3ng d\u00e2n c\u01b0 l\u00e2n c\u1eadn v\u1edbi t\u1ea5t c\u1ea3 c\u00e1c ti\u1ec7n \u00edch v\u00e0 c\u01a1 s\u1edf v\u1eadt ch\u1ea5t c\u1ea7n thi\u1ebft cho cu\u1ed9c s\u1ed1ng ti\u1ec7n nghi.<\/p>\n","protected":false},"excerpt":{"rendered":"<p>B\u00ean c\u1ea1nh c\u00e1c khu c\u00f4ng nghi\u1ec7p hi\u1ec7n c\u00f3, Amata \u0111ang quy ho\u1ea1ch m\u1ed9t khu \u0111\u00f4 th\u1ecb r\u1ed9ng 753 ha v\u00e0 m\u1ed9t khu \u0111\u00f4 th\u1ecb d\u1ecbch v\u1ee5 r\u1ed9ng 107 ha theo m\u00f4 h\u00ecnh th\u00e0nh ph\u1ed1 th\u00f4ng minh. V\u1ecb tr\u00ed n\u00e0y n\u1eb1m s\u00e1t s\u00f4ng \u0110\u1ed3ng Nai, thu\u1eadn ti\u1ec7n cho vi\u1ec7c di chuy\u1ec3n gi\u1eefa Th\u00e0nh ph\u1ed1 H\u1ed3 Ch\u00ed [&hellip;]<\/p>\n","protected":false},"author":1,"featured_media":2538,"parent":2862,"menu_order":49,"comment_status":"closed","ping_status":"closed","template":"templates\/ProjectDetail-2.php","meta":{"footnotes":""},"acf":[],"_links":{"self":[{"href":"https:\/\/amatavn.com\/vi\/wp-json\/wp\/v2\/pages\/2867"}],"collection":[{"href":"https:\/\/amatavn.com\/vi\/wp-json\/wp\/v2\/pages"}],"about":[{"href":"https:\/\/amatavn.com\/vi\/wp-json\/wp\/v2\/types\/page"}],"author":[{"embeddable":true,"href":"https:\/\/amatavn.com\/vi\/wp-json\/wp\/v2\/users\/1"}],"replies":[{"embeddable":true,"href":"https:\/\/amatavn.com\/vi\/wp-json\/wp\/v2\/comments?post=2867"}],"version-history":[{"count":5,"href":"https:\/\/amatavn.com\/vi\/wp-json\/wp\/v2\/pages\/2867\/revisions"}],"predecessor-version":[{"id":6880,"href":"https:\/\/amatavn.com\/vi\/wp-json\/wp\/v2\/pages\/2867\/revisions\/6880"}],"up":[{"embeddable":true,"href":"https:\/\/amatavn.com\/vi\/wp-json\/wp\/v2\/pages\/2862"}],"wp:featuredmedia":[{"embeddable":true,"href":"https:\/\/amatavn.com\/vi\/wp-json\/wp\/v2\/media\/2538"}],"wp:attachment":[{"href":"https:\/\/amatavn.com\/vi\/wp-json\/wp\/v2\/media?parent=2867"}],"curies":[{"name":"wp","href":"https:\/\/api.w.org\/{rel}","templated":true}]}}